{"id":3,"date":"2021-10-20T09:28:38","date_gmt":"2021-10-20T09:28:38","guid":{"rendered":"https:\/\/www.centrocantelli.it\/web\/?page_id=3"},"modified":"2023-07-06T08:36:54","modified_gmt":"2023-07-06T08:36:54","slug":"privacy-policy-cookies","status":"publish","type":"page","link":"https:\/\/www.centrocantelli.it\/web\/privacy-policy-cookies\/","title":{"rendered":"Privacy Policy e Cookies"},"content":{"rendered":"\t\t<div data-elementor-type=\"wp-page\" data-elementor-id=\"3\" class=\"elementor elementor-3\">\n\t\t\t\t\t\t\t\t\t<section class=\"elementor-section elementor-top-section elementor-element elementor-element-d0a2dab elementor-section-boxed elementor-section-height-default elementor-section-height-default\" data-id=\"d0a2dab\" data-element_type=\"section\">\n\t\t\t\t\t\t<div class=\"elementor-container elementor-column-gap-default\">\n\t\t\t\t\t<div class=\"elementor-column elementor-col-100 elementor-top-column elementor-element elementor-element-1229e9a\" data-id=\"1229e9a\" data-element_type=\"column\">\n\t\t\t<div class=\"elementor-widget-wrap elementor-element-populated\">\n\t\t\t\t\t\t\t\t<div class=\"elementor-element elementor-element-08e2f16 elementor-widget elementor-widget-text-editor\" data-id=\"08e2f16\" data-element_type=\"widget\" data-widget_type=\"text-editor.default\">\n\t\t\t\t<div class=\"elementor-widget-container\">\n\t\t\t<style>\/*! elementor - v3.12.2 - 23-04-2023 *\/\n.elementor-widget-text-editor.elementor-drop-cap-view-stacked .elementor-drop-cap{background-color:#69727d;color:#fff}.elementor-widget-text-editor.elementor-drop-cap-view-framed .elementor-drop-cap{color:#69727d;border:3px solid;background-color:transparent}.elementor-widget-text-editor:not(.elementor-drop-cap-view-default) .elementor-drop-cap{margin-top:8px}.elementor-widget-text-editor:not(.elementor-drop-cap-view-default) .elementor-drop-cap-letter{width:1em;height:1em}.elementor-widget-text-editor .elementor-drop-cap{float:left;text-align:center;line-height:1;font-size:50px}.elementor-widget-text-editor .elementor-drop-cap-letter{display:inline-block}<\/style>\t\t\t\t<p><strong>Privacy Policy<\/strong><\/p><p>Benvenuto sul nostro sito <strong>www.centrocantelli.it\u00a0<\/strong><br \/>Per noi la privacy e la sicurezza dei dati personali dell\u2019utente sono molto importanti e pertanto i dati personali sono raccolti e gestiti con la massima attenzione adottando adeguate misure di sicurezza per custodirli.<\/p><p>In questa pagina, si descrivono le modalit\u00e0 e le logiche del trattamento dei dati personali degli utenti che consultano il Sito. L\u2019informativa \u00e8 resa ai sensi degli artt. 13 e 14 del Regolamento (UE) 2016\/679 a tutti gli utenti che, interagendo con il Sito, forniscono i propri dati personali. La validit\u00e0 dell\u2019informativa contenuta nella presente pagina \u00e8 limitata al presente sito. L\u2019informativa non si estende ad altri siti web eventualmente consultabili mediante collegamento ipertestuale e differenti da quelli elencati.<\/p><p>Di seguito, verranno chiaramente elencati:<\/p><ul><li>i riferimenti di chi tratter\u00e0 i suoi dati personali;<\/li><li>quali dati personali verranno trattati;<\/li><li>le finalit\u00e0 e la base giuridica per cui saranno trattati i dati;<\/li><li>i tempi di conservazione e i diritti che le sono riconosciuti.<\/li><\/ul><p>Gli utenti, utilizzando il presente Sito, accettano la presente informativa e sono, pertanto, invitati a prenderne visione prima di fornire informazioni personali di qualsiasi genere.<\/p><p><strong>Titolare del trattamento<\/strong><\/p><p>Il Titolare del trattamento \u00e8 Centro Cacntelli, via Giotto 87, Aversa \u2013 email: <a href=\"mailto:centrocantelli@gmail.com\">centrocantelli@gmail.com\u00a0<\/a><\/p><p><strong>Responsabile della protezione dei dati<\/strong><\/p><p>Il Titolare ha provveduto a nominare il Responsabile della protezione dei dati che potr\u00e0 essere contattato ai seguenti indirizzi:<\/p><ul><li>mail: <a href=\"mailto:centrocantelli@gmail.com\">centrocantelli@gmail.com\u00a0<\/a><\/li><\/ul><p><strong>Tipologie di dati trattati<\/strong><\/p><p><strong>Dati di navigazione<\/strong><\/p><p>I sistemi informatici e le procedure software preposte al funzionamento di questo sito acquisiscono, nel corso del loro normale esercizio, alcuni dati personali la cui trasmissione \u00e8 implicita nell\u2019uso dei protocolli di comunicazione di Internet.<\/p><p>In questa categoria di dati rientrano gli indirizzi IP o i nomi a dominio dei computer e dei terminali utilizzati dagli utenti, gli indirizzi in notazione URI\/URL (Uniform Resource Identifier\/Locator) delle risorse richieste, l\u2019orario della richiesta, il metodo utilizzato nel sottoporre la richiesta al server, la dimensione del file ottenuto in risposta, il codice numerico indicante lo stato della risposta data dal server (buon fine, errore, ecc.) ed altri parametri relativi al sistema operativo e all\u2019ambiente informatico dell\u2019utente.<\/p><p>Tali dati, necessari per la fruizione dei servizi web, vengono anche trattati allo scopo di:<\/p><ul><li>ottenere informazioni statistiche sull\u2019uso dei servizi (pagine pi\u00f9 visitate, numero di visitatori per fascia oraria o giornaliera, aree geografiche di provenienza, ecc.);<\/li><li>controllare il corretto funzionamento dei servizi offerti.<\/li><\/ul><p>I dati di navigazione non persistono per pi\u00f9 di 60 giorni e vengono cancellati immediatamente dopo la loro aggregazione (salve eventuali necessit\u00e0 di accertamento di reati da parte dell\u2019Autorit\u00e0 giudiziaria).<\/p><p><strong>Dati forniti volontariamente dall\u2019utente<\/strong><\/p><p>Attraverso il Sito \u00e8 possibile inviare richieste e comunicazioni mediante gli indirizzi e i moduli di contatto ivi indicati. Il conferimento di tali dati \u00e8 obbligatorio, necessario per rispondere alle richieste inviate nonch\u00e9 per ricontattare il mittente per ottenere precisazioni in ordine a quanto segnalato.<\/p><p>In particolare, i dati personali sono forniti dagli utenti allo scopo di fruire dei servizi del Sito.<\/p><p>Il Titolare non raccoglie o conserva intenzionalmente dati personali di individui di et\u00e0 inferiore a 18 anni, n\u00e9 intenzionalmente consente a tali minori l\u2019utilizzo del Sito.<\/p><p>Gli utenti minori di 18 anni sono pregati non registrarsi sul Sito e di non fornire dati personali.<\/p><p>In particolare, l\u2019identificazione degli utenti avviene al momento<\/p><ul><li>Dell\u2019invio di richieste di informazioni\/assistenza e comunicazioni attraverso gli indirizzi e i moduli di contatto indicati sul Sito. In questo caso il Titolare tratter\u00e0 i dati di contatto del mittente, necessari a rispondere, nonch\u00e9 tutti i dati personali inclusi nelle comunicazioni.<\/li><li>Dell\u2019invio dei dati per iscriversi alla newsletter.<\/li><li>Della registrazione volta alla creazione di un profilo utente per accedere alla propria area riservata. I dati obbligatori sono contrassegnati da apposito asterisco. Ne deriva, pertanto, che il rifiuto di fornire tali dati comporter\u00e0 l\u2019impossibilit\u00e0 di completare la registrazione.<\/li><li>Come utente registrato, previo espresso consenso, il Titolare potr\u00e0 inviarle mail legate all\u2019attivit\u00e0 del Centro Cantelli. Il consenso pu\u00f2 essere sempre revocato salvo l\u2019impossibilit\u00e0 di tenere aggiornati gli utenti su alcune iniziative e particolari promozioni.<\/li><li>Come utente registrato, previo espresso consenso, raccogliamo informazioni relative agli accessi alla sua area riservata e in particolare, quando inserisce un articolo nel carrello senza procedere all\u2019acquisto, ricever\u00e0 una mail per ricordarle di perfezionare l\u2019acquisto.<\/li><li>Della conclusione di un acquisto di un bene o di un servizio. L\u2019indirizzo email indicato dall\u2019utente in sede di acquisto potr\u00e0 essere utilizzato in futuro dal Titolare per inviare comunicazioni aventi a oggetto la vendita diretta di prodotti o servizi analoghi a quelli acquistati dall\u2019utente. Nel caso in cui l\u2019acquirente fornisse dati personali di soggetti terzi (per esempio nei casi in cui decidesse di acquistare un libro da recapitare a un amico o decidesse di iscrivere a un corso di formazione dei partecipanti), il Titolare del trattamento far\u00e0 in modo di recapitare al soggetto terzo l\u2019informativa privacy al momento della prima comunicazione.<\/li><li>Della compilazione del form di iscrizione all\u2019iniziativa. In questo caso, i dati obbligatori sono contrassegnati da apposito asterisco. Ne deriva, pertanto, che il rifiuto di fornire tali dati comporter\u00e0 l\u2019impossibilit\u00e0 di perfezionare la propria iscrizione. La fornitura dei dati non contrassegnati da asterisco \u00e8 invece meramente facoltativa e il loro mancato conferimento non pregiudica l\u2019inoltro della domanda di iscrizione.<\/li><\/ul><p><strong>Finalit\u00e0 e base giuridica<\/strong><\/p><p>I trattamenti di dati personali sono effettuati dal Titolare del trattamento per le seguenti finalit\u00e0:<\/p><ul><li>Riscontrare le richieste di informazioni e di assistenza dell\u2019utente. Il trattamento \u00e8 funzionale a adempiere a una richiesta dell\u2019utente.<\/li><li>Assicurare il corretto funzionamento delle pagine web e dei loro contenuti. In questo caso, il trattamento dei dati si basa sul legittimo interesse del Titolare.<\/li><li>Inviare le newsletter. Il trattamento si basa sul consenso dell\u2019interessato.<\/li><li>Creare il profilo utente con relativo accesso alla propria area personale. Il trattamento \u00e8 funzionale a adempiere a una richiesta dell\u2019utente .<\/li><li>Concludere e dare esecuzione al contratto di acquisto di prodotti e\/o servizi offerti sul Sito. Il trattamento si basa sull\u2019esecuzione del contratto.<\/li><li>Inviare comunicazioni, utilizzando l\u2019indirizzo email indicato dall\u2019utente in sede di acquisto di un prodotto o di un servizio offerto dalla Societ\u00e0, aventi a oggetto la vendita diretta di prodotti o servizi analoghi a quelli acquistati dall\u2019utente. Tale trattamento non necessita di esplicito consenso dell\u2019utente (c.d. \u201csoft spam\u201d) pertanto potr\u00e0, in qualsiasi momento essere esercitato il diritto di opposizione ai sensi dell\u2019art. 21 GDPR.<\/li><li>Consentire la partecipazione all\u2019iniziativa mediante la compilazione del form inviando utili informazioni logistiche nonch\u00e9 contattando successivamente il partecipante per l\u2019invio di materiale didattico ed eventuali attestazioni di partecipazione, qualora previste. I dati raccolti potranno essere utilizzati in futuro dal Titolare per informarLa circa altre analoghe iniziative e restare sempre aggiornato su convegni ed eventi di formazione. Il trattamento si basa sul consenso dell\u2019interessato.<\/li><li>Utilizzare i recapiti forniti per inviare comunicazioni di natura commerciale su nostri prodotti e\/o servizi o nell\u2019interesse di terzi, al fine di aggiornare su novit\u00e0 e promozioni o offerte. Il trattamento si basa sul consenso dell\u2019interessato.<\/li><li>Personalizzare la sua esperienza. Il trattamento si basa sul consenso dell\u2019interessato.<\/li><li>Esaminare il CV per ricercare e selezionare il personale per posizioni aperte attuali e future; Il trattamento si basa sull\u2019esecuzione di misure precontrattuali.<\/li><\/ul><p><strong>Modalit\u00e0 di trattamento<\/strong><\/p><p>Il trattamento dei dati avverr\u00e0 con modalit\u00e0 e procedure strettamente necessarie per il perseguimento delle finalit\u00e0 per i quali sono stati raccolti con l\u2019ausilio di strumenti elettronici.<\/p><p>Al fine di evitare il rischio di perdita di dati, usi illeciti o il non corretto utilizzo degli stessi, o l\u2019accesso non autorizzato, la loro alterazione, sono state adottate idonee misure di sicurezza tecnologiche e gestionali. I dati personali saranno trattati dal Titolare del Trattamento, da personale autorizzato al trattamento o da soggetti appositamente nominati quali Responsabili del trattamento. In ogni momento, l\u2019interessato pu\u00f2 chiedere al Titolare la lista completa dei Responsabili di volta in volta nominati coinvolti nel trattamento dei dati per le finalit\u00e0 di cui alla presente informativa.<\/p><p><strong>Conservazione<\/strong><\/p><p>Il Titolare adotta le seguenti politiche in materia di conservazione dei dati degli utenti del Sito:<\/p><ul><li>I dati forniti nelle mail inviate agli indirizzi pubblicati sul Sito verranno conservati unicamente per il tempo necessario a rispondere alle richieste pervenute.<\/li><li>I dati di navigazione verranno conservati per 60 giorni.<\/li><li>I dati forniti per attivit\u00e0 di comunicazioni commerciali saranno conservati fino a revoca del consenso dell\u2019interessato.<\/li><\/ul><p><strong>Esercizio dei diritti\u00a0<\/strong><\/p><p>L\u2019interessato pu\u00f2 esercitare, in qualsiasi momento, i diritti previsti dall\u2019art. 15 e ss. del Regolamento (UE) 2016\/679 inviando un\u2019email all\u2019indirizzo <a href=\"mailto:centrocantelli@gmail.com\">centrocantelli@gmail.com\u00a0<\/a>oppure scrivendo a Centro Cantelli, via Giotto 87, Aversa. L\u2019interessato, ricorrendone i presupposti, ha altres\u00ec il diritto di proporre reclamo al Garante quale autorit\u00e0 di controllo, qualora ritenga che il trattamento dei propri dati personali avvenga in violazione di quanto previsto dalla normativa vigente.<\/p><p><strong>Cookies<\/strong><\/p><p>Il presente sito web non utilizza coockies.<\/p><p>Si pu\u00f2 verificare l&#8217;assenza di cookies con un tool online, ad esempio:<\/p><p><a href=\"https:\/\/www.cookiemetrix.com\/display-report\/www.centrocantelli.it\/94501cf488458fd4964b5a4368b90fcf\">https:\/\/www.cookiemetrix.com\/display-report\/www.centrocantelli.it\/94501cf488458fd4964b5a4368b90fcf<\/a><\/p><p><strong>Aggiornamenti ver. 1.0.1<\/strong><\/p><p>La Privacy Policy di questo Sito \u00e8 valida dal 01\/07\/2023 ed \u00e8 soggetta ad aggiornamenti; gli utenti sono pertanto invitati a verificarne periodicamente il contenuto<\/p>\t\t\t\t\t\t<\/div>\n\t\t\t\t<\/div>\n\t\t\t\t\t<\/div>\n\t\t<\/div>\n\t\t\t\t\t\t\t<\/div>\n\t\t<\/section>\n\t\t\t\t\t\t\t<\/div>\n\t\t","protected":false},"excerpt":{"rendered":"<p>Privacy Policy Benvenuto sul nostro sito www.centrocantelli.it\u00a0 Per noi la privacy e la sicurezza dei dati personali dell\u2019utente sono molto importanti e pertanto i dati personali sono raccolti e gestiti con la massima attenzione adottando adeguate misure di sicurezza per custodirli. In questa pagina, si descrivono le modalit\u00e0 e le logiche del trattamento dei dati personali degli utenti che consultano il Sito. L\u2019informativa \u00e8 resa ai sensi degli artt. 13 e 14 del Regolamento (UE) 2016\/679 a tutti gli utenti che, interagendo con il Sito, forniscono i propri dati personali. La validit\u00e0 dell\u2019informativa contenuta nella presente pagina \u00e8 limitata al\u2026<\/p>\n","protected":false},"author":1,"featured_media":0,"parent":0,"menu_order":0,"comment_status":"closed","ping_status":"open","template":"","meta":{"footnotes":""},"class_list":["post-3","page","type-page","status-publish","hentry"],"blocksy_meta":"","_links":{"self":[{"href":"https:\/\/www.centrocantelli.it\/web\/wp-json\/wp\/v2\/pages\/3","targetHints":{"allow":["GET"]}}],"collection":[{"href":"https:\/\/www.centrocantelli.it\/web\/wp-json\/wp\/v2\/pages"}],"about":[{"href":"https:\/\/www.centrocantelli.it\/web\/wp-json\/wp\/v2\/types\/page"}],"author":[{"embeddable":true,"href":"https:\/\/www.centrocantelli.it\/web\/wp-json\/wp\/v2\/users\/1"}],"replies":[{"embeddable":true,"href":"https:\/\/www.centrocantelli.it\/web\/wp-json\/wp\/v2\/comments?post=3"}],"version-history":[{"count":10,"href":"https:\/\/www.centrocantelli.it\/web\/wp-json\/wp\/v2\/pages\/3\/revisions"}],"predecessor-version":[{"id":1158,"href":"https:\/\/www.centrocantelli.it\/web\/wp-json\/wp\/v2\/pages\/3\/revisions\/1158"}],"wp:attachment":[{"href":"https:\/\/www.centrocantelli.it\/web\/wp-json\/wp\/v2\/media?parent=3"}],"curies":[{"name":"wp","href":"https:\/\/api.w.org\/{rel}","templated":true}]}}