{"id":380,"date":"2022-03-29T19:53:15","date_gmt":"2022-03-29T19:53:15","guid":{"rendered":"https:\/\/www.centrocantelli.it\/web\/?page_id=380"},"modified":"2023-05-04T09:49:15","modified_gmt":"2023-05-04T09:49:15","slug":"terapia-fotodinamica","status":"publish","type":"page","link":"https:\/\/www.centrocantelli.it\/web\/dermatologia-clinica\/terapia-fotodinamica\/","title":{"rendered":"Terapia fotodinamica"},"content":{"rendered":"\t\t<div data-elementor-type=\"wp-page\" data-elementor-id=\"380\" class=\"elementor elementor-380\">\n\t\t\t\t\t\t\t\t\t<section class=\"elementor-section elementor-top-section elementor-element elementor-element-1349d26 elementor-section-boxed elementor-section-height-default elementor-section-height-default\" data-id=\"1349d26\" data-element_type=\"section\">\n\t\t\t\t\t\t<div class=\"elementor-container elementor-column-gap-default\">\n\t\t\t\t\t<div class=\"elementor-column elementor-col-50 elementor-top-column elementor-element elementor-element-5feb465\" data-id=\"5feb465\" data-element_type=\"column\">\n\t\t\t<div class=\"elementor-widget-wrap elementor-element-populated\">\n\t\t\t\t\t\t\t\t<div class=\"elementor-element elementor-element-dde4812 elementor-widget elementor-widget-image\" data-id=\"dde4812\" data-element_type=\"widget\" data-widget_type=\"image.default\">\n\t\t\t\t<div class=\"elementor-widget-container\">\n\t\t\t<style>\/*! elementor - v3.12.2 - 23-04-2023 *\/\n.elementor-widget-image{text-align:center}.elementor-widget-image a{display:inline-block}.elementor-widget-image a img[src$=\".svg\"]{width:48px}.elementor-widget-image img{vertical-align:middle;display:inline-block}<\/style>\t\t\t\t\t\t\t\t\t\t\t\t<img loading=\"lazy\" decoding=\"async\" width=\"500\" height=\"375\" src=\"https:\/\/www.centrocantelli.it\/web\/wp-content\/uploads\/2022\/03\/terapia_fotodinamica_cantelli.jpg\" class=\"attachment-large size-large wp-image-342\" alt=\"\" srcset=\"https:\/\/www.centrocantelli.it\/web\/wp-content\/uploads\/2022\/03\/terapia_fotodinamica_cantelli.jpg 500w, https:\/\/www.centrocantelli.it\/web\/wp-content\/uploads\/2022\/03\/terapia_fotodinamica_cantelli-300x225.jpg 300w\" sizes=\"auto, (max-width: 500px) 100vw, 500px\" \/>\t\t\t\t\t\t\t\t\t\t\t\t\t\t\t<\/div>\n\t\t\t\t<\/div>\n\t\t\t\t\t<\/div>\n\t\t<\/div>\n\t\t\t\t<div class=\"elementor-column elementor-col-50 elementor-top-column elementor-element elementor-element-c01ae08\" data-id=\"c01ae08\" data-element_type=\"column\">\n\t\t\t<div class=\"elementor-widget-wrap elementor-element-populated\">\n\t\t\t\t\t\t\t\t<div class=\"elementor-element elementor-element-5eac3c8 elementor-widget elementor-widget-heading\" data-id=\"5eac3c8\" data-element_type=\"widget\" data-widget_type=\"heading.default\">\n\t\t\t\t<div class=\"elementor-widget-container\">\n\t\t\t<style>\/*! elementor - v3.12.2 - 23-04-2023 *\/\n.elementor-heading-title{padding:0;margin:0;line-height:1}.elementor-widget-heading .elementor-heading-title[class*=elementor-size-]>a{color:inherit;font-size:inherit;line-height:inherit}.elementor-widget-heading .elementor-heading-title.elementor-size-small{font-size:15px}.elementor-widget-heading .elementor-heading-title.elementor-size-medium{font-size:19px}.elementor-widget-heading .elementor-heading-title.elementor-size-large{font-size:29px}.elementor-widget-heading .elementor-heading-title.elementor-size-xl{font-size:39px}.elementor-widget-heading .elementor-heading-title.elementor-size-xxl{font-size:59px}<\/style><h2 class=\"elementor-heading-title elementor-size-default\">Terapia fotodinamica (PDT)<\/h2>\t\t<\/div>\n\t\t\t\t<\/div>\n\t\t\t\t<div class=\"elementor-element elementor-element-47ff579 elementor-widget elementor-widget-heading\" data-id=\"47ff579\" data-element_type=\"widget\" data-widget_type=\"heading.default\">\n\t\t\t\t<div class=\"elementor-widget-container\">\n\t\t\t<h6 class=\"elementor-heading-title elementor-size-default\">Acne \/ Fotoringiovanimento \/ Tumori cutanei<\/h6>\t\t<\/div>\n\t\t\t\t<\/div>\n\t\t\t\t<div class=\"elementor-element elementor-element-d69b284 elementor-widget elementor-widget-text-editor\" data-id=\"d69b284\" data-element_type=\"widget\" data-widget_type=\"text-editor.default\">\n\t\t\t\t<div class=\"elementor-widget-container\">\n\t\t\t<style>\/*! elementor - v3.12.2 - 23-04-2023 *\/\n.elementor-widget-text-editor.elementor-drop-cap-view-stacked .elementor-drop-cap{background-color:#69727d;color:#fff}.elementor-widget-text-editor.elementor-drop-cap-view-framed .elementor-drop-cap{color:#69727d;border:3px solid;background-color:transparent}.elementor-widget-text-editor:not(.elementor-drop-cap-view-default) .elementor-drop-cap{margin-top:8px}.elementor-widget-text-editor:not(.elementor-drop-cap-view-default) .elementor-drop-cap-letter{width:1em;height:1em}.elementor-widget-text-editor .elementor-drop-cap{float:left;text-align:center;line-height:1;font-size:50px}.elementor-widget-text-editor .elementor-drop-cap-letter{display:inline-block}<\/style>\t\t\t\t<p>La terapia fotodinamica o PDT (Photo Dynamic Therapy) \u00e8 una nuova tecnica per il trattamento di alcune lesioni della cute, tumorali e non, in grado di distruggere selettivamente le cellule alterate. Del tutto innocua, pu\u00f2 essere applicata a tutti, senza limitazioni.<\/p><p>La terapia fotodinamica o PDT in particolare, viene impiegata per il trattamento di lesioni infiammatorie (acne), infezioni virali (verruche), lesioni ulcerative, lesioni tumorali e pre-tumorali (cheratosi attiniche, epiteliomi basocellulari superficiali, Morbo di Boyen) e per il foto ringiovanimento.<\/p><p>Il numero di sedute di PDT che vengono prescritte ed eseguite dal medico dermatologo, sono legate al tipo di lesione, al tipo di tumore (pi\u00f9 o meno superficiale) ed anche alla loro localizzazione cutanea.<br \/>Uno dei vantaggi della terapia fotodinamica \u00e8 la ripetibilit\u00e0 della tecnica e la possibilit\u00e0 di applicarla a pazienti che per problemi clinici, non sono candidabili alla terapia chirurgica.<\/p><p>Il trattamento non \u00e8 doloroso, privo di effetti collaterali ed inoltre pu\u00f2 essere applicata indipendentemente dallo stato generale del paziente, dall\u2019et\u00e0 o da malattie concomitanti.<\/p><p>Il trattamento PDT viene effettuato in due momenti separati per una durata complessiva media di 2\/3 ore. La terapia fotodinamica\/ PDT consiste nell\u2019applicazione sulla lesione di un unguento (ala-acido 5-aminolevulinico) che si lega in modo selettivo alle cellule alterate. Trascorso un periodo di incubazione (2\/3 ore), la lesione viene esposta ad una luce Led per cicli di 10 minuti. Nelle cellule in cui l\u2019unguento di Ala si e\u2019 concentrato la luce innesta una reazione fotochimica che le distrugge mantenendo intatte quelle circostanti non alterate.<\/p><p>\u00c8 necessario che per le 24 \u2013 48 ore successive al trattamento della terapia fotodinamica, i pazienti non si espongano al sole per un tempo prolungato o alle lampade abbronzanti.<\/p>\t\t\t\t\t\t<\/div>\n\t\t\t\t<\/div>\n\t\t\t\t\t<\/div>\n\t\t<\/div>\n\t\t\t\t\t\t\t<\/div>\n\t\t<\/section>\n\t\t\t\t<section class=\"elementor-section elementor-top-section elementor-element elementor-element-755bff1 elementor-section-boxed elementor-section-height-default elementor-section-height-default\" data-id=\"755bff1\" data-element_type=\"section\">\n\t\t\t\t\t\t<div class=\"elementor-container elementor-column-gap-default\">\n\t\t\t\t\t<div class=\"elementor-column elementor-col-100 elementor-top-column elementor-element elementor-element-bd1d9f6\" data-id=\"bd1d9f6\" data-element_type=\"column\">\n\t\t\t<div class=\"elementor-widget-wrap elementor-element-populated\">\n\t\t\t\t\t\t\t\t<div class=\"elementor-element elementor-element-7e086f6 elementor-widget-divider--view-line elementor-widget elementor-widget-divider\" data-id=\"7e086f6\" data-element_type=\"widget\" data-widget_type=\"divider.default\">\n\t\t\t\t<div class=\"elementor-widget-container\">\n\t\t\t<style>\/*! elementor - v3.12.2 - 23-04-2023 *\/\n.elementor-widget-divider{--divider-border-style:none;--divider-border-width:1px;--divider-color:#0c0d0e;--divider-icon-size:20px;--divider-element-spacing:10px;--divider-pattern-height:24px;--divider-pattern-size:20px;--divider-pattern-url:none;--divider-pattern-repeat:repeat-x}.elementor-widget-divider .elementor-divider{display:flex}.elementor-widget-divider .elementor-divider__text{font-size:15px;line-height:1;max-width:95%}.elementor-widget-divider .elementor-divider__element{margin:0 var(--divider-element-spacing);flex-shrink:0}.elementor-widget-divider .elementor-icon{font-size:var(--divider-icon-size)}.elementor-widget-divider .elementor-divider-separator{display:flex;margin:0;direction:ltr}.elementor-widget-divider--view-line_icon .elementor-divider-separator,.elementor-widget-divider--view-line_text .elementor-divider-separator{align-items:center}.elementor-widget-divider--view-line_icon .elementor-divider-separator:after,.elementor-widget-divider--view-line_icon .elementor-divider-separator:before,.elementor-widget-divider--view-line_text .elementor-divider-separator:after,.elementor-widget-divider--view-line_text .elementor-divider-separator:before{display:block;content:\"\";border-bottom:0;flex-grow:1;border-top:var(--divider-border-width) var(--divider-border-style) var(--divider-color)}.elementor-widget-divider--element-align-left .elementor-divider .elementor-divider-separator>.elementor-divider__svg:first-of-type{flex-grow:0;flex-shrink:100}.elementor-widget-divider--element-align-left .elementor-divider-separator:before{content:none}.elementor-widget-divider--element-align-left .elementor-divider__element{margin-left:0}.elementor-widget-divider--element-align-right .elementor-divider .elementor-divider-separator>.elementor-divider__svg:last-of-type{flex-grow:0;flex-shrink:100}.elementor-widget-divider--element-align-right .elementor-divider-separator:after{content:none}.elementor-widget-divider--element-align-right .elementor-divider__element{margin-right:0}.elementor-widget-divider:not(.elementor-widget-divider--view-line_text):not(.elementor-widget-divider--view-line_icon) .elementor-divider-separator{border-top:var(--divider-border-width) var(--divider-border-style) var(--divider-color)}.elementor-widget-divider--separator-type-pattern{--divider-border-style:none}.elementor-widget-divider--separator-type-pattern.elementor-widget-divider--view-line .elementor-divider-separator,.elementor-widget-divider--separator-type-pattern:not(.elementor-widget-divider--view-line) .elementor-divider-separator:after,.elementor-widget-divider--separator-type-pattern:not(.elementor-widget-divider--view-line) .elementor-divider-separator:before,.elementor-widget-divider--separator-type-pattern:not([class*=elementor-widget-divider--view]) .elementor-divider-separator{width:100%;min-height:var(--divider-pattern-height);-webkit-mask-size:var(--divider-pattern-size) 100%;mask-size:var(--divider-pattern-size) 100%;-webkit-mask-repeat:var(--divider-pattern-repeat);mask-repeat:var(--divider-pattern-repeat);background-color:var(--divider-color);-webkit-mask-image:var(--divider-pattern-url);mask-image:var(--divider-pattern-url)}.elementor-widget-divider--no-spacing{--divider-pattern-size:auto}.elementor-widget-divider--bg-round{--divider-pattern-repeat:round}.rtl .elementor-widget-divider .elementor-divider__text{direction:rtl}.e-con-inner>.elementor-widget-divider,.e-con>.elementor-widget-divider{width:var(--container-widget-width,100%);--flex-grow:var(--container-widget-flex-grow)}<\/style>\t\t<div class=\"elementor-divider\">\n\t\t\t<span class=\"elementor-divider-separator\">\n\t\t\t\t\t\t<\/span>\n\t\t<\/div>\n\t\t\t\t<\/div>\n\t\t\t\t<\/div>\n\t\t\t\t<div class=\"elementor-element elementor-element-3835d3f elementor-widget elementor-widget-heading\" data-id=\"3835d3f\" data-element_type=\"widget\" data-widget_type=\"heading.default\">\n\t\t\t\t<div class=\"elementor-widget-container\">\n\t\t\t<h4 class=\"elementor-heading-title elementor-size-default\">Photogallery<\/h4>\t\t<\/div>\n\t\t\t\t<\/div>\n\t\t\t\t\t<\/div>\n\t\t<\/div>\n\t\t\t\t\t\t\t<\/div>\n\t\t<\/section>\n\t\t\t\t<section class=\"elementor-section elementor-top-section elementor-element elementor-element-0ec7c75 elementor-section-boxed elementor-section-height-default elementor-section-height-default\" data-id=\"0ec7c75\" data-element_type=\"section\">\n\t\t\t\t\t\t<div class=\"elementor-container elementor-column-gap-default\">\n\t\t\t\t\t<div class=\"elementor-column elementor-col-100 elementor-top-column elementor-element elementor-element-29383b6\" data-id=\"29383b6\" data-element_type=\"column\">\n\t\t\t<div class=\"elementor-widget-wrap elementor-element-populated\">\n\t\t\t\t\t\t\t\t<div class=\"elementor-element elementor-element-8524e74 gallery-spacing-custom elementor-widget elementor-widget-image-gallery\" data-id=\"8524e74\" data-element_type=\"widget\" data-widget_type=\"image-gallery.default\">\n\t\t\t\t<div class=\"elementor-widget-container\">\n\t\t\t<style>\/*! elementor - v3.12.2 - 23-04-2023 *\/\n.elementor-image-gallery .gallery-item{display:inline-block;text-align:center;vertical-align:top;width:100%;max-width:100%;margin:0 auto}.elementor-image-gallery .gallery-item img{margin:0 auto}.elementor-image-gallery .gallery-item .gallery-caption{margin:0}.elementor-image-gallery figure img{display:block}.elementor-image-gallery figure figcaption{width:100%}.gallery-spacing-custom .elementor-image-gallery .gallery-icon{padding:0}@media (min-width:768px){.elementor-image-gallery .gallery-columns-2 .gallery-item{max-width:50%}.elementor-image-gallery .gallery-columns-3 .gallery-item{max-width:33.33%}.elementor-image-gallery .gallery-columns-4 .gallery-item{max-width:25%}.elementor-image-gallery .gallery-columns-5 .gallery-item{max-width:20%}.elementor-image-gallery .gallery-columns-6 .gallery-item{max-width:16.666%}.elementor-image-gallery .gallery-columns-7 .gallery-item{max-width:14.28%}.elementor-image-gallery .gallery-columns-8 .gallery-item{max-width:12.5%}.elementor-image-gallery .gallery-columns-9 .gallery-item{max-width:11.11%}.elementor-image-gallery .gallery-columns-10 .gallery-item{max-width:10%}}@media (min-width:480px) and (max-width:767px){.elementor-image-gallery .gallery.gallery-columns-2 .gallery-item,.elementor-image-gallery .gallery.gallery-columns-3 .gallery-item,.elementor-image-gallery .gallery.gallery-columns-4 .gallery-item,.elementor-image-gallery .gallery.gallery-columns-5 .gallery-item,.elementor-image-gallery .gallery.gallery-columns-6 .gallery-item,.elementor-image-gallery .gallery.gallery-columns-7 .gallery-item,.elementor-image-gallery .gallery.gallery-columns-8 .gallery-item,.elementor-image-gallery .gallery.gallery-columns-9 .gallery-item,.elementor-image-gallery .gallery.gallery-columns-10 .gallery-item{max-width:50%}}@media (max-width:479px){.elementor-image-gallery .gallery.gallery-columns-2 .gallery-item,.elementor-image-gallery .gallery.gallery-columns-3 .gallery-item,.elementor-image-gallery .gallery.gallery-columns-4 .gallery-item,.elementor-image-gallery .gallery.gallery-columns-5 .gallery-item,.elementor-image-gallery .gallery.gallery-columns-6 .gallery-item,.elementor-image-gallery .gallery.gallery-columns-7 .gallery-item,.elementor-image-gallery .gallery.gallery-columns-8 .gallery-item,.elementor-image-gallery .gallery.gallery-columns-9 .gallery-item,.elementor-image-gallery .gallery.gallery-columns-10 .gallery-item{max-width:100%}}<\/style>\t\t<div class=\"elementor-image-gallery\">\n\t\t\t<div id='gallery-1' class='gallery galleryid-380 gallery-columns-5 gallery-size-large'><figure class='gallery-item'>\n\t\t\t<div class='gallery-icon landscape'>\n\t\t\t\t<a data-elementor-open-lightbox=\"yes\" data-elementor-lightbox-slideshow=\"8524e74\" data-elementor-lightbox-title=\"Terapia fotodinamica\" data-e-action-hash=\"#elementor-action%3Aaction%3Dlightbox%26settings%3DeyJpZCI6NDI4LCJ1cmwiOiJodHRwczpcL1wvd3d3LmNlbnRyb2NhbnRlbGxpLml0XC93ZWJcL3dwLWNvbnRlbnRcL3VwbG9hZHNcLzIwMjJcLzAzXC9mb3RvZGluYW1pY2FfNi5qcGciLCJzbGlkZXNob3ciOiI4NTI0ZTc0In0%3D\" href='https:\/\/www.centrocantelli.it\/web\/wp-content\/uploads\/2022\/03\/fotodinamica_6.jpg'><img loading=\"lazy\" decoding=\"async\" width=\"500\" height=\"353\" src=\"https:\/\/www.centrocantelli.it\/web\/wp-content\/uploads\/2022\/03\/fotodinamica_6.jpg\" class=\"attachment-large size-large\" alt=\"\" srcset=\"https:\/\/www.centrocantelli.it\/web\/wp-content\/uploads\/2022\/03\/fotodinamica_6.jpg 500w, https:\/\/www.centrocantelli.it\/web\/wp-content\/uploads\/2022\/03\/fotodinamica_6-300x212.jpg 300w\" sizes=\"auto, (max-width: 500px) 100vw, 500px\" \/><\/a>\n\t\t\t<\/div><\/figure><figure class='gallery-item'>\n\t\t\t<div class='gallery-icon landscape'>\n\t\t\t\t<a data-elementor-open-lightbox=\"yes\" data-elementor-lightbox-slideshow=\"8524e74\" data-elementor-lightbox-title=\"Terapia fotodinamica\" data-e-action-hash=\"#elementor-action%3Aaction%3Dlightbox%26settings%3DeyJpZCI6NDI5LCJ1cmwiOiJodHRwczpcL1wvd3d3LmNlbnRyb2NhbnRlbGxpLml0XC93ZWJcL3dwLWNvbnRlbnRcL3VwbG9hZHNcLzIwMjJcLzAzXC9mb3RvZGluYW1pY2FfNS5qcGciLCJzbGlkZXNob3ciOiI4NTI0ZTc0In0%3D\" href='https:\/\/www.centrocantelli.it\/web\/wp-content\/uploads\/2022\/03\/fotodinamica_5.jpg'><img loading=\"lazy\" decoding=\"async\" width=\"500\" height=\"353\" src=\"https:\/\/www.centrocantelli.it\/web\/wp-content\/uploads\/2022\/03\/fotodinamica_5.jpg\" class=\"attachment-large size-large\" alt=\"\" srcset=\"https:\/\/www.centrocantelli.it\/web\/wp-content\/uploads\/2022\/03\/fotodinamica_5.jpg 500w, https:\/\/www.centrocantelli.it\/web\/wp-content\/uploads\/2022\/03\/fotodinamica_5-300x212.jpg 300w\" sizes=\"auto, (max-width: 500px) 100vw, 500px\" \/><\/a>\n\t\t\t<\/div><\/figure><figure class='gallery-item'>\n\t\t\t<div class='gallery-icon landscape'>\n\t\t\t\t<a data-elementor-open-lightbox=\"yes\" data-elementor-lightbox-slideshow=\"8524e74\" data-elementor-lightbox-title=\"Terapia fotodinamica\" data-e-action-hash=\"#elementor-action%3Aaction%3Dlightbox%26settings%3DeyJpZCI6NDMwLCJ1cmwiOiJodHRwczpcL1wvd3d3LmNlbnRyb2NhbnRlbGxpLml0XC93ZWJcL3dwLWNvbnRlbnRcL3VwbG9hZHNcLzIwMjJcLzAzXC9mb3RvZGluYW1pY2FfNC5qcGciLCJzbGlkZXNob3ciOiI4NTI0ZTc0In0%3D\" href='https:\/\/www.centrocantelli.it\/web\/wp-content\/uploads\/2022\/03\/fotodinamica_4.jpg'><img loading=\"lazy\" decoding=\"async\" width=\"500\" height=\"353\" src=\"https:\/\/www.centrocantelli.it\/web\/wp-content\/uploads\/2022\/03\/fotodinamica_4.jpg\" class=\"attachment-large size-large\" alt=\"\" srcset=\"https:\/\/www.centrocantelli.it\/web\/wp-content\/uploads\/2022\/03\/fotodinamica_4.jpg 500w, https:\/\/www.centrocantelli.it\/web\/wp-content\/uploads\/2022\/03\/fotodinamica_4-300x212.jpg 300w\" sizes=\"auto, (max-width: 500px) 100vw, 500px\" \/><\/a>\n\t\t\t<\/div><\/figure><figure class='gallery-item'>\n\t\t\t<div class='gallery-icon landscape'>\n\t\t\t\t<a data-elementor-open-lightbox=\"yes\" data-elementor-lightbox-slideshow=\"8524e74\" data-elementor-lightbox-title=\"Terapia fotodinamica\" data-e-action-hash=\"#elementor-action%3Aaction%3Dlightbox%26settings%3DeyJpZCI6NDMxLCJ1cmwiOiJodHRwczpcL1wvd3d3LmNlbnRyb2NhbnRlbGxpLml0XC93ZWJcL3dwLWNvbnRlbnRcL3VwbG9hZHNcLzIwMjJcLzAzXC9mb3RvZGluYW1pY2FfMy5qcGciLCJzbGlkZXNob3ciOiI4NTI0ZTc0In0%3D\" href='https:\/\/www.centrocantelli.it\/web\/wp-content\/uploads\/2022\/03\/fotodinamica_3.jpg'><img loading=\"lazy\" decoding=\"async\" width=\"500\" height=\"353\" src=\"https:\/\/www.centrocantelli.it\/web\/wp-content\/uploads\/2022\/03\/fotodinamica_3.jpg\" class=\"attachment-large size-large\" alt=\"\" srcset=\"https:\/\/www.centrocantelli.it\/web\/wp-content\/uploads\/2022\/03\/fotodinamica_3.jpg 500w, https:\/\/www.centrocantelli.it\/web\/wp-content\/uploads\/2022\/03\/fotodinamica_3-300x212.jpg 300w\" sizes=\"auto, (max-width: 500px) 100vw, 500px\" \/><\/a>\n\t\t\t<\/div><\/figure><figure class='gallery-item'>\n\t\t\t<div class='gallery-icon landscape'>\n\t\t\t\t<a data-elementor-open-lightbox=\"yes\" data-elementor-lightbox-slideshow=\"8524e74\" data-elementor-lightbox-title=\"Terapia fotodinamica\" data-e-action-hash=\"#elementor-action%3Aaction%3Dlightbox%26settings%3DeyJpZCI6NDMyLCJ1cmwiOiJodHRwczpcL1wvd3d3LmNlbnRyb2NhbnRlbGxpLml0XC93ZWJcL3dwLWNvbnRlbnRcL3VwbG9hZHNcLzIwMjJcLzAzXC9mb3RvZGluYW1pY2FfMi5qcGciLCJzbGlkZXNob3ciOiI4NTI0ZTc0In0%3D\" href='https:\/\/www.centrocantelli.it\/web\/wp-content\/uploads\/2022\/03\/fotodinamica_2.jpg'><img loading=\"lazy\" decoding=\"async\" width=\"500\" height=\"353\" src=\"https:\/\/www.centrocantelli.it\/web\/wp-content\/uploads\/2022\/03\/fotodinamica_2.jpg\" class=\"attachment-large size-large\" alt=\"\" srcset=\"https:\/\/www.centrocantelli.it\/web\/wp-content\/uploads\/2022\/03\/fotodinamica_2.jpg 500w, https:\/\/www.centrocantelli.it\/web\/wp-content\/uploads\/2022\/03\/fotodinamica_2-300x212.jpg 300w\" sizes=\"auto, (max-width: 500px) 100vw, 500px\" \/><\/a>\n\t\t\t<\/div><\/figure><figure class='gallery-item'>\n\t\t\t<div class='gallery-icon landscape'>\n\t\t\t\t<a data-elementor-open-lightbox=\"yes\" data-elementor-lightbox-slideshow=\"8524e74\" data-elementor-lightbox-title=\"Terapia fotodinamica\" data-e-action-hash=\"#elementor-action%3Aaction%3Dlightbox%26settings%3DeyJpZCI6NDMzLCJ1cmwiOiJodHRwczpcL1wvd3d3LmNlbnRyb2NhbnRlbGxpLml0XC93ZWJcL3dwLWNvbnRlbnRcL3VwbG9hZHNcLzIwMjJcLzAzXC9mb3RvZGluYW1pY2FfMS5qcGciLCJzbGlkZXNob3ciOiI4NTI0ZTc0In0%3D\" href='https:\/\/www.centrocantelli.it\/web\/wp-content\/uploads\/2022\/03\/fotodinamica_1.jpg'><img loading=\"lazy\" decoding=\"async\" width=\"500\" height=\"353\" src=\"https:\/\/www.centrocantelli.it\/web\/wp-content\/uploads\/2022\/03\/fotodinamica_1.jpg\" class=\"attachment-large size-large\" alt=\"\" srcset=\"https:\/\/www.centrocantelli.it\/web\/wp-content\/uploads\/2022\/03\/fotodinamica_1.jpg 500w, https:\/\/www.centrocantelli.it\/web\/wp-content\/uploads\/2022\/03\/fotodinamica_1-300x212.jpg 300w\" sizes=\"auto, (max-width: 500px) 100vw, 500px\" \/><\/a>\n\t\t\t<\/div><\/figure>\n\t\t<\/div>\n\t\t<\/div>\n\t\t\t\t<\/div>\n\t\t\t\t<\/div>\n\t\t\t\t\t<\/div>\n\t\t<\/div>\n\t\t\t\t\t\t\t<\/div>\n\t\t<\/section>\n\t\t\t\t\t\t\t<\/div>\n\t\t","protected":false},"excerpt":{"rendered":"<p>Terapia fotodinamica (PDT) Acne \/ Fotoringiovanimento \/ Tumori cutanei La terapia fotodinamica o PDT (Photo Dynamic Therapy) \u00e8 una nuova tecnica per il trattamento di alcune lesioni della cute, tumorali e non, in grado di distruggere selettivamente le cellule alterate. Del tutto innocua, pu\u00f2 essere applicata a tutti, senza limitazioni. La terapia fotodinamica o PDT in particolare, viene impiegata per il trattamento di lesioni infiammatorie (acne), infezioni virali (verruche), lesioni ulcerative, lesioni tumorali e pre-tumorali (cheratosi attiniche, epiteliomi basocellulari superficiali, Morbo di Boyen) e per il foto ringiovanimento. Il numero di sedute di PDT che vengono prescritte ed eseguite dal\u2026<\/p>\n","protected":false},"author":1,"featured_media":0,"parent":252,"menu_order":0,"comment_status":"closed","ping_status":"closed","template":"","meta":{"footnotes":""},"class_list":["post-380","page","type-page","status-publish","hentry"],"blocksy_meta":{"styles_descriptor":{"styles":{"desktop":"","tablet":"","mobile":""},"google_fonts":[],"version":2}},"_links":{"self":[{"href":"https:\/\/www.centrocantelli.it\/web\/wp-json\/wp\/v2\/pages\/380","targetHints":{"allow":["GET"]}}],"collection":[{"href":"https:\/\/www.centrocantelli.it\/web\/wp-json\/wp\/v2\/pages"}],"about":[{"href":"https:\/\/www.centrocantelli.it\/web\/wp-json\/wp\/v2\/types\/page"}],"author":[{"embeddable":true,"href":"https:\/\/www.centrocantelli.it\/web\/wp-json\/wp\/v2\/users\/1"}],"replies":[{"embeddable":true,"href":"https:\/\/www.centrocantelli.it\/web\/wp-json\/wp\/v2\/comments?post=380"}],"version-history":[{"count":7,"href":"https:\/\/www.centrocantelli.it\/web\/wp-json\/wp\/v2\/pages\/380\/revisions"}],"predecessor-version":[{"id":873,"href":"https:\/\/www.centrocantelli.it\/web\/wp-json\/wp\/v2\/pages\/380\/revisions\/873"}],"up":[{"embeddable":true,"href":"https:\/\/www.centrocantelli.it\/web\/wp-json\/wp\/v2\/pages\/252"}],"wp:attachment":[{"href":"https:\/\/www.centrocantelli.it\/web\/wp-json\/wp\/v2\/media?parent=380"}],"curies":[{"name":"wp","href":"https:\/\/api.w.org\/{rel}","templated":true}]}}