{"id":499,"date":"2022-03-31T11:03:48","date_gmt":"2022-03-31T11:03:48","guid":{"rendered":"https:\/\/www.centrocantelli.it\/web\/?page_id=499"},"modified":"2023-05-04T10:23:46","modified_gmt":"2023-05-04T10:23:46","slug":"biostimolazione","status":"publish","type":"page","link":"https:\/\/www.centrocantelli.it\/web\/dermatologia-estetica\/biostimolazione\/","title":{"rendered":"Biostimolazione"},"content":{"rendered":"\t\t<div data-elementor-type=\"wp-page\" data-elementor-id=\"499\" class=\"elementor elementor-499\">\n\t\t\t\t\t\t\t\t\t<section class=\"elementor-section elementor-top-section elementor-element elementor-element-0307e5a elementor-section-boxed elementor-section-height-default elementor-section-height-default\" data-id=\"0307e5a\" data-element_type=\"section\">\n\t\t\t\t\t\t<div class=\"elementor-container elementor-column-gap-default\">\n\t\t\t\t\t<div class=\"elementor-column elementor-col-50 elementor-top-column elementor-element elementor-element-1e066b8\" data-id=\"1e066b8\" data-element_type=\"column\">\n\t\t\t<div class=\"elementor-widget-wrap elementor-element-populated\">\n\t\t\t\t\t\t\t\t<div class=\"elementor-element elementor-element-db2e438 elementor-widget elementor-widget-image\" data-id=\"db2e438\" data-element_type=\"widget\" data-widget_type=\"image.default\">\n\t\t\t\t<div class=\"elementor-widget-container\">\n\t\t\t<style>\/*! elementor - v3.12.2 - 23-04-2023 *\/\n.elementor-widget-image{text-align:center}.elementor-widget-image a{display:inline-block}.elementor-widget-image a img[src$=\".svg\"]{width:48px}.elementor-widget-image img{vertical-align:middle;display:inline-block}<\/style>\t\t\t\t\t\t\t\t\t\t\t\t<img loading=\"lazy\" decoding=\"async\" width=\"800\" height=\"800\" src=\"https:\/\/www.centrocantelli.it\/web\/wp-content\/uploads\/2023\/05\/biostimolazione.jpg\" class=\"attachment-large size-large wp-image-931\" alt=\"\" srcset=\"https:\/\/www.centrocantelli.it\/web\/wp-content\/uploads\/2023\/05\/biostimolazione.jpg 800w, https:\/\/www.centrocantelli.it\/web\/wp-content\/uploads\/2023\/05\/biostimolazione-300x300.jpg 300w, https:\/\/www.centrocantelli.it\/web\/wp-content\/uploads\/2023\/05\/biostimolazione-150x150.jpg 150w, https:\/\/www.centrocantelli.it\/web\/wp-content\/uploads\/2023\/05\/biostimolazione-768x768.jpg 768w\" sizes=\"auto, (max-width: 800px) 100vw, 800px\" \/>\t\t\t\t\t\t\t\t\t\t\t\t\t\t\t<\/div>\n\t\t\t\t<\/div>\n\t\t\t\t\t<\/div>\n\t\t<\/div>\n\t\t\t\t<div class=\"elementor-column elementor-col-50 elementor-top-column elementor-element elementor-element-5e5d993\" data-id=\"5e5d993\" data-element_type=\"column\">\n\t\t\t<div class=\"elementor-widget-wrap elementor-element-populated\">\n\t\t\t\t\t\t\t\t<div class=\"elementor-element elementor-element-d90c3eb elementor-widget elementor-widget-heading\" data-id=\"d90c3eb\" data-element_type=\"widget\" data-widget_type=\"heading.default\">\n\t\t\t\t<div class=\"elementor-widget-container\">\n\t\t\t<style>\/*! elementor - v3.12.2 - 23-04-2023 *\/\n.elementor-heading-title{padding:0;margin:0;line-height:1}.elementor-widget-heading .elementor-heading-title[class*=elementor-size-]>a{color:inherit;font-size:inherit;line-height:inherit}.elementor-widget-heading .elementor-heading-title.elementor-size-small{font-size:15px}.elementor-widget-heading .elementor-heading-title.elementor-size-medium{font-size:19px}.elementor-widget-heading .elementor-heading-title.elementor-size-large{font-size:29px}.elementor-widget-heading .elementor-heading-title.elementor-size-xl{font-size:39px}.elementor-widget-heading .elementor-heading-title.elementor-size-xxl{font-size:59px}<\/style><h2 class=\"elementor-heading-title elementor-size-default\">Biostimolazione<\/h2>\t\t<\/div>\n\t\t\t\t<\/div>\n\t\t\t\t<div class=\"elementor-element elementor-element-e1ae8d2 elementor-widget elementor-widget-heading\" data-id=\"e1ae8d2\" data-element_type=\"widget\" data-widget_type=\"heading.default\">\n\t\t\t\t<div class=\"elementor-widget-container\">\n\t\t\t<h6 class=\"elementor-heading-title elementor-size-default\">Ringiovanimento \/ Cicatrici da acne \/ Smagliature \/ Lassit\u00e0 cutanea<\/h6>\t\t<\/div>\n\t\t\t\t<\/div>\n\t\t\t\t<div class=\"elementor-element elementor-element-bfb5f71 elementor-widget elementor-widget-text-editor\" data-id=\"bfb5f71\" data-element_type=\"widget\" data-widget_type=\"text-editor.default\">\n\t\t\t\t<div class=\"elementor-widget-container\">\n\t\t\t<style>\/*! elementor - v3.12.2 - 23-04-2023 *\/\n.elementor-widget-text-editor.elementor-drop-cap-view-stacked .elementor-drop-cap{background-color:#69727d;color:#fff}.elementor-widget-text-editor.elementor-drop-cap-view-framed .elementor-drop-cap{color:#69727d;border:3px solid;background-color:transparent}.elementor-widget-text-editor:not(.elementor-drop-cap-view-default) .elementor-drop-cap{margin-top:8px}.elementor-widget-text-editor:not(.elementor-drop-cap-view-default) .elementor-drop-cap-letter{width:1em;height:1em}.elementor-widget-text-editor .elementor-drop-cap{float:left;text-align:center;line-height:1;font-size:50px}.elementor-widget-text-editor .elementor-drop-cap-letter{display:inline-block}<\/style>\t\t\t\t<p>La biorivitalizzazione \u00e8 un trattamento antiage che si basa sull\u2019impiego di specifiche sostanze (biocompatibili e riassorbibili) per riattivare la parte pi\u00f9 vitale della cute e favorire il ripristino della condizione fisiologica delle pelli giovani: tono, compattezza, idratazione. Le sostanze impiegate per la biostimolazione (stimolatori del collagene o acido ialuronico abbinato ad aminoacidi e vitamine), hanno il compito di riattivare il metabolismo e il turnover cellulare e di stimolare i fibroblasti a produrre nuovo collagene. Essa infatti consente di ottenere miglioramenti notevoli in termini di compattezza ed elasticit\u00e0 della pelle, luminosit\u00e0 e turgore, diminuzione delle rughe sottili. Il trattamento \u00e8 indicato sia per le pelli giovani, ancora elastiche e vitali, per rallentare il fisiologico processo di invecchiamento, sia per le pelli mature, per ridurre i segni del tempo riattivando la funzionalit\u00e0 cellulare.<\/p><p>Il trattamento \u00e8 ambulatoriale e dura pochi minuti. Attraverso una piccola siringa dotata di un ago di pochi millimetri, il medico (seguendo precisi protocolli) infiltra nel derma superficiale un cocktail di sostanze perlopi\u00f9 a base di acido ialuronico e miscele di aminoacidi e vitamine. Si pratica su viso e anche su zone delicate, come collo, d\u00e9collet\u00e9 e dorso delle mani.<\/p><p>biostcon ialuIl trattamento ha una durata di circa 15 minuti, e al termine si possono immediatamente riprendere le normali attivit\u00e0, senza alcuna medicazione. In rari casi pu\u00f2 presentarsi un lieve rossore temporaneo o un piccolo livido dovuto al trauma dell\u2019ago nella zona di inserimento, che tende a scomparire spontaneamente in due-tre giorni. Oltre che da sole, le sedute di biorivitalizzazione possono essere eseguite in associazione ad altri trattamenti, chirurgici e non, quali peeling, lifting, blefaroplastica, infiltrazione di tossina botulinica e trattamenti laser.<\/p><p>Per ottenere una discreta tonicit\u00e0 della zona trattata, sar\u00e0 necessario attendere un ciclo di 3-4 sedute periodiche a distanza di 25-30 giorni circa l\u2019una dall\u2019altra. I risultati saranno progressivi e duraturi nel corso dei mesi.<\/p>\t\t\t\t\t\t<\/div>\n\t\t\t\t<\/div>\n\t\t\t\t\t<\/div>\n\t\t<\/div>\n\t\t\t\t\t\t\t<\/div>\n\t\t<\/section>\n\t\t\t\t\t\t\t<\/div>\n\t\t","protected":false},"excerpt":{"rendered":"<p>Biostimolazione Ringiovanimento \/ Cicatrici da acne \/ Smagliature \/ Lassit\u00e0 cutanea La biorivitalizzazione \u00e8 un trattamento antiage che si basa sull\u2019impiego di specifiche sostanze (biocompatibili e riassorbibili) per riattivare la parte pi\u00f9 vitale della cute e favorire il ripristino della condizione fisiologica delle pelli giovani: tono, compattezza, idratazione. Le sostanze impiegate per la biostimolazione (stimolatori del collagene o acido ialuronico abbinato ad aminoacidi e vitamine), hanno il compito di riattivare il metabolismo e il turnover cellulare e di stimolare i fibroblasti a produrre nuovo collagene. Essa infatti consente di ottenere miglioramenti notevoli in termini di compattezza ed elasticit\u00e0 della pelle,\u2026<\/p>\n","protected":false},"author":1,"featured_media":0,"parent":450,"menu_order":0,"comment_status":"closed","ping_status":"closed","template":"","meta":{"footnotes":""},"class_list":["post-499","page","type-page","status-publish","hentry"],"blocksy_meta":{"styles_descriptor":{"styles":{"desktop":"","tablet":"","mobile":""},"google_fonts":[],"version":2}},"_links":{"self":[{"href":"https:\/\/www.centrocantelli.it\/web\/wp-json\/wp\/v2\/pages\/499","targetHints":{"allow":["GET"]}}],"collection":[{"href":"https:\/\/www.centrocantelli.it\/web\/wp-json\/wp\/v2\/pages"}],"about":[{"href":"https:\/\/www.centrocantelli.it\/web\/wp-json\/wp\/v2\/types\/page"}],"author":[{"embeddable":true,"href":"https:\/\/www.centrocantelli.it\/web\/wp-json\/wp\/v2\/users\/1"}],"replies":[{"embeddable":true,"href":"https:\/\/www.centrocantelli.it\/web\/wp-json\/wp\/v2\/comments?post=499"}],"version-history":[{"count":14,"href":"https:\/\/www.centrocantelli.it\/web\/wp-json\/wp\/v2\/pages\/499\/revisions"}],"predecessor-version":[{"id":939,"href":"https:\/\/www.centrocantelli.it\/web\/wp-json\/wp\/v2\/pages\/499\/revisions\/939"}],"up":[{"embeddable":true,"href":"https:\/\/www.centrocantelli.it\/web\/wp-json\/wp\/v2\/pages\/450"}],"wp:attachment":[{"href":"https:\/\/www.centrocantelli.it\/web\/wp-json\/wp\/v2\/media?parent=499"}],"curies":[{"name":"wp","href":"https:\/\/api.w.org\/{rel}","templated":true}]}}